{"id":8005,"date":"2022-01-02T10:00:07","date_gmt":"2022-01-02T10:00:07","guid":{"rendered":"https:\/\/www.holidays-low-cost.com\/?page_id=8005"},"modified":"2021-02-19T11:58:04","modified_gmt":"2021-02-19T11:58:04","slug":"low-cost-ferien-guenstiger-urlaub","status":"publish","type":"page","link":"https:\/\/www.holidays-low-cost.com\/de\/low-cost-ferien-guenstiger-urlaub\/","title":{"rendered":"Low Cost Ferien &#8211; G\u00fcnstiger Urlaub"},"content":{"rendered":"<div class=\"wpb-content-wrapper\"><p>[vc_row css=&#8220;.vc_custom_1613731857259{padding-top: 15px !important;background-color: #000000 !important;}&#8220;][vc_column width=&#8220;1\/4&#8243; css=&#8220;.vc_custom_1422334137119{padding-top: 20px !important;}&#8220;][vc_empty_space height=&#8220;13px&#8220;][vc_single_image image=&#8220;7457&#8243; img_size=&#8220;180&#215;153&#8243; alignment=&#8220;center&#8220;][\/vc_column][vc_column width=&#8220;1\/4&#8243; css=&#8220;.vc_custom_1422334176021{padding-top: 20px !important;}&#8220;][vc_wp_text]<\/p>\n<p style=\"text-align: center;\"><span style=\"color: #ffffff;\">G\u00fcnstige Angebote f\u00fcr deinen n\u00e4chsten Urlaub. Low Cost Ferien und billige Reisen. Wir haben die besten Preise f\u00fcr Hotels, Pensionen, Zimmer, Fl\u00fcge, Autovermietung, Rollerverleih, Transfers, F\u00e4hren, Eintrittskarten, Diskotheken, H\u00e4user und Apartments, Ausfl\u00fcge, Last Minute Reiseangebote uvm. Jetzt kostenlos reservieren unter www.holidays-low-cost.com<\/span><\/p>\n<p>[\/vc_wp_text][\/vc_column][vc_column width=&#8220;1\/4&#8243; css=&#8220;.vc_custom_1422334188578{padding-top: 20px !important;}&#8220;][vc_wp_text]<\/p>\n<p style=\"text-align: center;\"><a href=\"http:\/\/www.holidays-low-cost.com\/es\/\">Vacaciones Low Cost<\/a><\/p>\n<p style=\"text-align: center;\"><a href=\"http:\/\/www.holidays-low-cost.com\/it\/\">Viaggi Vacanze Low Cost<\/a><\/p>\n<p style=\"text-align: center;\"><a href=\"http:\/\/www.holidays-low-cost.com\/de\/\">Urlaub Low Cost<\/a><\/p>\n<p style=\"text-align: center;\"><a href=\"https:\/\/www.holidays-low-cost.com\">Holidays Low Cost<\/a><\/p>\n<p style=\"text-align: center;\"><a href=\"https:\/\/www.h1performance.com\/terms-service\/\" rel=\"noindex\">Terms of Service<\/a><\/p>\n<p style=\"text-align: center;\"><a href=\"https:\/\/www.h1performance.com\/privacy-policy\" rel=\"noindex\">Data Privacy<\/a><\/p>\n<p>[\/vc_wp_text][\/vc_column][vc_column width=&#8220;1\/4&#8243;][vc_wp_text]<\/p>\n<div style=\"text-align: center;\"><script async src=\"\/\/pagead2.googlesyndication.com\/pagead\/js\/adsbygoogle.js\"><\/script><br \/>\n<!-- Low Cost Web Text Links 180x90 --><br \/>\n<ins class=\"adsbygoogle\" style=\"display: inline-block; width: 180px; height: 90px;\" data-ad-client=\"ca-pub-7316325871451258\" data-ad-slot=\"8117148030\"><\/ins><br \/>\n<script>\n(adsbygoogle = window.adsbygoogle || []).push({});\n<\/script><\/div>\n<p style=\"text-align: center;\"><span style=\"color: #ffffff;\"><strong>Werbung? <\/strong><\/span><\/p>\n<p style=\"text-align: center;\"><em><a href=\"mailto:ads@holidays-low-cost.com\">ads@holidays-low-cost.com<\/a><\/em><\/p>\n<p>[\/vc_wp_text][\/vc_column][\/vc_row][vc_row css=&#8220;.vc_custom_1549121471366{background-color: #000000 !important;}&#8220;][vc_column css=&#8220;.vc_custom_1613732323406{margin-bottom: 15px !important;}&#8220;][vc_separator color=&#8220;white&#8220; css=&#8220;.vc_custom_1613733163886{margin-top: 20px !important;margin-bottom: 26px !important;}&#8220;][\/vc_column][\/vc_row][vc_row css=&#8220;.vc_custom_1549121484154{background-color: #000000 !important;}&#8220;][vc_column][vc_wp_text]<\/p>\n<p style=\"text-align: center;\"><span style=\"color: #808080;\"><em>Copyright 1996-2024 <a style=\"color: #808080;\" href=\"https:\/\/www.holidays-low-cost.com\">Holidays-Low-Cost.com<\/a> by <a style=\"color: #808080;\" href=\"https:\/\/www.h1performance.com\" rel=\"noindex\">H1 Performance LLC<\/a> \u00b7 All rights reserved<\/em><\/span><\/p>\n<p>[\/vc_wp_text][vc_empty_space height=&#8220;18px&#8220;][\/vc_column][\/vc_row]<\/p>\n<\/div>","protected":false},"excerpt":{"rendered":"<p>[vc_row css=&#8220;.vc_custom_1613731857259{padding-top: 15px !important;background-color: #000000 !important;}&#8220;][vc_column width=&#8220;1\/4&#8243; css=&#8220;.vc_custom_1422334137119{padding-top: 20px !important;}&#8220;][vc_empty_space height=&#8220;13px&#8220;][vc_single_image image=&#8220;7457&#8243; img_size=&#8220;180&#215;153&#8243; alignment=&#8220;center&#8220;][\/vc_column][vc_column width=&#8220;1\/4&#8243; css=&#8220;.vc_custom_1422334176021{padding-top: 20px !important;}&#8220;][vc_wp_text] G\u00fcnstige Angebote f\u00fcr deinen n\u00e4chsten Urlaub. Low Cost Ferien und billige Reisen. Wir haben die besten Preise f\u00fcr Hotels, Pensionen, Zimmer, Fl\u00fcge, Autovermietung, Rollerverleih, Transfers, F\u00e4hren, Eintrittskarten, Diskotheken, H\u00e4user und Apartments, Ausfl\u00fcge, Last Minute Reiseangebote uvm. Jetzt [&hellip;]<\/p>\n","protected":false},"author":1,"featured_media":0,"parent":0,"menu_order":0,"comment_status":"open","ping_status":"closed","template":"","meta":{"footnotes":""},"class_list":["post-8005","page","type-page","status-publish","has-post-thumbnail","hentry"],"yoast_head":"<!-- This site is optimized with the Yoast SEO plugin v27.2 - https:\/\/yoast.com\/product\/yoast-seo-wordpress\/ -->\n<title>Low Cost Ferien - G\u00fcnstiger Urlaub - Holidays Low Cost<\/title>\n<meta name=\"description\" content=\"Low Cost Ferien - G\u00fcnstiger Urlaub bei holidays-low-cost.com\" \/>\n<meta name=\"robots\" content=\"index, follow, max-snippet:-1, max-image-preview:large, max-video-preview:-1\" \/>\n<link rel=\"canonical\" href=\"https:\/\/www.holidays-low-cost.com\/de\/low-cost-ferien-guenstiger-urlaub\/\" \/>\n<meta property=\"og:locale\" content=\"de_DE\" \/>\n<meta property=\"og:type\" content=\"article\" \/>\n<meta property=\"og:title\" content=\"Low Cost Ferien - G\u00fcnstiger Urlaub - Holidays Low Cost\" \/>\n<meta property=\"og:description\" content=\"Low Cost Ferien - G\u00fcnstiger Urlaub bei holidays-low-cost.com\" \/>\n<meta property=\"og:url\" content=\"https:\/\/www.holidays-low-cost.com\/de\/low-cost-ferien-guenstiger-urlaub\/\" \/>\n<meta property=\"og:site_name\" content=\"Holidays Low Cost\" \/>\n<meta property=\"article:publisher\" content=\"https:\/\/www.facebook.com\/holidayslowcost\" \/>\n<meta name=\"twitter:card\" content=\"summary_large_image\" \/>\n<meta name=\"twitter:label1\" content=\"Gesch\u00e4tzte Lesezeit\" \/>\n\t<meta name=\"twitter:data1\" content=\"1\u00a0Minute\" \/>\n<script type=\"application\/ld+json\" class=\"yoast-schema-graph\">{\"@context\":\"https:\/\/schema.org\",\"@graph\":[{\"@type\":\"WebPage\",\"@id\":\"https:\/\/www.holidays-low-cost.com\/de\/low-cost-ferien-guenstiger-urlaub\/\",\"url\":\"https:\/\/www.holidays-low-cost.com\/de\/low-cost-ferien-guenstiger-urlaub\/\",\"name\":\"Low Cost Ferien - G\u00fcnstiger Urlaub - Holidays Low Cost\",\"isPartOf\":{\"@id\":\"https:\/\/www.holidays-low-cost.com\/de\/#website\"},\"datePublished\":\"2022-01-02T10:00:07+00:00\",\"description\":\"Low Cost Ferien - G\u00fcnstiger Urlaub bei holidays-low-cost.com\",\"breadcrumb\":{\"@id\":\"https:\/\/www.holidays-low-cost.com\/de\/low-cost-ferien-guenstiger-urlaub\/#breadcrumb\"},\"inLanguage\":\"de\",\"potentialAction\":[{\"@type\":\"ReadAction\",\"target\":[\"https:\/\/www.holidays-low-cost.com\/de\/low-cost-ferien-guenstiger-urlaub\/\"]}]},{\"@type\":\"BreadcrumbList\",\"@id\":\"https:\/\/www.holidays-low-cost.com\/de\/low-cost-ferien-guenstiger-urlaub\/#breadcrumb\",\"itemListElement\":[{\"@type\":\"ListItem\",\"position\":1,\"name\":\"Home\",\"item\":\"https:\/\/www.holidays-low-cost.com\/de\/\"},{\"@type\":\"ListItem\",\"position\":2,\"name\":\"Low Cost Ferien &#8211; G\u00fcnstiger Urlaub\"}]},{\"@type\":\"WebSite\",\"@id\":\"https:\/\/www.holidays-low-cost.com\/de\/#website\",\"url\":\"https:\/\/www.holidays-low-cost.com\/de\/\",\"name\":\"Holidays Low Cost\",\"description\":\"Cheap Holiday Deals | Travel Discounts | Accommodation Offers\",\"publisher\":{\"@id\":\"https:\/\/www.holidays-low-cost.com\/de\/#organization\"},\"potentialAction\":[{\"@type\":\"SearchAction\",\"target\":{\"@type\":\"EntryPoint\",\"urlTemplate\":\"https:\/\/www.holidays-low-cost.com\/de\/?s={search_term_string}\"},\"query-input\":{\"@type\":\"PropertyValueSpecification\",\"valueRequired\":true,\"valueName\":\"search_term_string\"}}],\"inLanguage\":\"de\"},{\"@type\":\"Organization\",\"@id\":\"https:\/\/www.holidays-low-cost.com\/de\/#organization\",\"name\":\"Holidays Low Cost\",\"url\":\"https:\/\/www.holidays-low-cost.com\/de\/\",\"logo\":{\"@type\":\"ImageObject\",\"inLanguage\":\"de\",\"@id\":\"https:\/\/www.holidays-low-cost.com\/de\/#\/schema\/logo\/image\/\",\"url\":\"https:\/\/www.holidays-low-cost.com\/wp-content\/uploads\/2019\/02\/logo-low-cost-holidays-1-2.png\",\"contentUrl\":\"https:\/\/www.holidays-low-cost.com\/wp-content\/uploads\/2019\/02\/logo-low-cost-holidays-1-2.png\",\"width\":534,\"height\":464,\"caption\":\"Holidays Low Cost\"},\"image\":{\"@id\":\"https:\/\/www.holidays-low-cost.com\/de\/#\/schema\/logo\/image\/\"},\"sameAs\":[\"https:\/\/www.facebook.com\/holidayslowcost\"]}]}<\/script>\n<!-- \/ Yoast SEO plugin. -->","yoast_head_json":{"title":"Low Cost Ferien - G\u00fcnstiger Urlaub - Holidays Low Cost","description":"Low Cost Ferien - G\u00fcnstiger Urlaub bei holidays-low-cost.com","robots":{"index":"index","follow":"follow","max-snippet":"max-snippet:-1","max-image-preview":"max-image-preview:large","max-video-preview":"max-video-preview:-1"},"canonical":"https:\/\/www.holidays-low-cost.com\/de\/low-cost-ferien-guenstiger-urlaub\/","og_locale":"de_DE","og_type":"article","og_title":"Low Cost Ferien - G\u00fcnstiger Urlaub - Holidays Low Cost","og_description":"Low Cost Ferien - G\u00fcnstiger Urlaub bei holidays-low-cost.com","og_url":"https:\/\/www.holidays-low-cost.com\/de\/low-cost-ferien-guenstiger-urlaub\/","og_site_name":"Holidays Low Cost","article_publisher":"https:\/\/www.facebook.com\/holidayslowcost","twitter_card":"summary_large_image","twitter_misc":{"Gesch\u00e4tzte Lesezeit":"1\u00a0Minute"},"schema":{"@context":"https:\/\/schema.org","@graph":[{"@type":"WebPage","@id":"https:\/\/www.holidays-low-cost.com\/de\/low-cost-ferien-guenstiger-urlaub\/","url":"https:\/\/www.holidays-low-cost.com\/de\/low-cost-ferien-guenstiger-urlaub\/","name":"Low Cost Ferien - G\u00fcnstiger Urlaub - Holidays Low Cost","isPartOf":{"@id":"https:\/\/www.holidays-low-cost.com\/de\/#website"},"datePublished":"2022-01-02T10:00:07+00:00","description":"Low Cost Ferien - G\u00fcnstiger Urlaub bei holidays-low-cost.com","breadcrumb":{"@id":"https:\/\/www.holidays-low-cost.com\/de\/low-cost-ferien-guenstiger-urlaub\/#breadcrumb"},"inLanguage":"de","potentialAction":[{"@type":"ReadAction","target":["https:\/\/www.holidays-low-cost.com\/de\/low-cost-ferien-guenstiger-urlaub\/"]}]},{"@type":"BreadcrumbList","@id":"https:\/\/www.holidays-low-cost.com\/de\/low-cost-ferien-guenstiger-urlaub\/#breadcrumb","itemListElement":[{"@type":"ListItem","position":1,"name":"Home","item":"https:\/\/www.holidays-low-cost.com\/de\/"},{"@type":"ListItem","position":2,"name":"Low Cost Ferien &#8211; G\u00fcnstiger Urlaub"}]},{"@type":"WebSite","@id":"https:\/\/www.holidays-low-cost.com\/de\/#website","url":"https:\/\/www.holidays-low-cost.com\/de\/","name":"Holidays Low Cost","description":"Cheap Holiday Deals | Travel Discounts | Accommodation Offers","publisher":{"@id":"https:\/\/www.holidays-low-cost.com\/de\/#organization"},"potentialAction":[{"@type":"SearchAction","target":{"@type":"EntryPoint","urlTemplate":"https:\/\/www.holidays-low-cost.com\/de\/?s={search_term_string}"},"query-input":{"@type":"PropertyValueSpecification","valueRequired":true,"valueName":"search_term_string"}}],"inLanguage":"de"},{"@type":"Organization","@id":"https:\/\/www.holidays-low-cost.com\/de\/#organization","name":"Holidays Low Cost","url":"https:\/\/www.holidays-low-cost.com\/de\/","logo":{"@type":"ImageObject","inLanguage":"de","@id":"https:\/\/www.holidays-low-cost.com\/de\/#\/schema\/logo\/image\/","url":"https:\/\/www.holidays-low-cost.com\/wp-content\/uploads\/2019\/02\/logo-low-cost-holidays-1-2.png","contentUrl":"https:\/\/www.holidays-low-cost.com\/wp-content\/uploads\/2019\/02\/logo-low-cost-holidays-1-2.png","width":534,"height":464,"caption":"Holidays Low Cost"},"image":{"@id":"https:\/\/www.holidays-low-cost.com\/de\/#\/schema\/logo\/image\/"},"sameAs":["https:\/\/www.facebook.com\/holidayslowcost"]}]}},"_links":{"self":[{"href":"https:\/\/www.holidays-low-cost.com\/de\/wp-json\/wp\/v2\/pages\/8005","targetHints":{"allow":["GET"]}}],"collection":[{"href":"https:\/\/www.holidays-low-cost.com\/de\/wp-json\/wp\/v2\/pages"}],"about":[{"href":"https:\/\/www.holidays-low-cost.com\/de\/wp-json\/wp\/v2\/types\/page"}],"author":[{"embeddable":true,"href":"https:\/\/www.holidays-low-cost.com\/de\/wp-json\/wp\/v2\/users\/1"}],"replies":[{"embeddable":true,"href":"https:\/\/www.holidays-low-cost.com\/de\/wp-json\/wp\/v2\/comments?post=8005"}],"version-history":[{"count":5,"href":"https:\/\/www.holidays-low-cost.com\/de\/wp-json\/wp\/v2\/pages\/8005\/revisions"}],"predecessor-version":[{"id":8159,"href":"https:\/\/www.holidays-low-cost.com\/de\/wp-json\/wp\/v2\/pages\/8005\/revisions\/8159"}],"wp:attachment":[{"href":"https:\/\/www.holidays-low-cost.com\/de\/wp-json\/wp\/v2\/media?parent=8005"}],"curies":[{"name":"wp","href":"https:\/\/api.w.org\/{rel}","templated":true}]}}