{"id":7996,"date":"2026-01-27T07:26:02","date_gmt":"2026-01-27T07:26:02","guid":{"rendered":"https:\/\/www.holidays-low-cost.com\/home-layout-default-traveler\/"},"modified":"2023-12-06T09:14:07","modified_gmt":"2023-12-06T09:14:07","slug":"home-layout-default-traveler","status":"publish","type":"page","link":"https:\/\/www.holidays-low-cost.com\/es\/","title":{"rendered":"Vacaciones Low Cost | Vacaciones de Bajo Coste | Viajes Low Cost"},"content":{"rendered":"<div class=\"wpb-content-wrapper\"><p>[vc_row full_width=\u00bbstretch_row_content\u00bb parallax_class=\u00bbyes\u00bb css=\u00bb.vc_custom_1613762503236{padding-top: 75px !important;padding-bottom: 55px !important;background-image: url(https:\/\/www.holidays-low-cost.com\/wp-content\/uploads\/2019\/02\/holidays-low-cost-background.jpg?id=7322) !important;}\u00bb][vc_column width=\u00bb2\/3&#8243; css=\u00bb.vc_custom_1549134631120{padding-top: 0px !important;padding-bottom: 0px !important;}\u00bb][vc_tta_tabs active_section=\u00bb1&#8243;][vc_tta_section i_icon_fontawesome=\u00bbfas fa-bed\u00bb add_icon=\u00bbtrue\u00bb title=\u00bbALOJAMIENTOS\u00bb tab_id=\u00bb1613736531178-d2cc69a8-42d1&#8243;][vc_wp_text]<a href=\"https:\/\/tp.media\/click?shmarker=209978&amp;promo_id=5044&amp;source_type=banner&amp;type=click&amp;campaign_id=121&amp;trs=147238\" target=\"_blank\" rel=\"noopener\"> <img loading=\"lazy\" decoding=\"async\" src=\"https:\/\/c121.travelpayouts.com\/content?promo_id=5044&amp;shmarker=209978&amp;type=init&amp;trs=147238\" alt=\"300*250\" width=\"300\" height=\"250\" \/> <\/a> [\/vc_wp_text][\/vc_tta_section][vc_tta_section i_icon_fontawesome=\u00bbfas fa-car-side\u00bb add_icon=\u00bbtrue\u00bb title=\u00bbRENT A CAR\u00bb tab_id=\u00bb1613736531207-a86dd28d-8033&#8243;][vc_wp_text]<iframe loading=\"lazy\" title=\"RENT A CAR - holidays-low-cost.com\" src=\"https:\/\/book.cartrawler.com\/?client=190631&amp;lang=ES\" name=\"I1\" width=\"100%\" height=\"400px\" frameborder=\"0\" marginwidth=\"2\" marginheight=\"2\"><span style=\"display: inline-block; width: 0px; overflow: hidden; line-height: 0;\" data-mce-type=\"bookmark\" class=\"mce_SELRES_start\">\ufeff<\/span><span style=\"display: inline-block; width: 0px; overflow: hidden; line-height: 0;\" data-mce-type=\"bookmark\" class=\"mce_SELRES_start\">\ufeff<\/span><span style=\"display: inline-block; width: 0px; overflow: hidden; line-height: 0;\" data-mce-type=\"bookmark\" class=\"mce_SELRES_start\">\ufeff<\/span><\/iframe>[\/vc_wp_text][\/vc_tta_section][vc_tta_section i_icon_fontawesome=\u00bbfas fa-plane\u00bb add_icon=\u00bbtrue\u00bb title=\u00bbVUELOS\u00bb tab_id=\u00bb1613745963719-48cc7eb1-4e8d\u00bb][vc_wp_text]<\/p>\n<div data-skyscanner-widget=\"FlightSearchWidget\" data-locale=\"es-ES\" data-market=\"ES\" data-currency=\"EUR\" data-media-partner-id=\"4082071\"><\/div>\n<p><script src=\"https:\/\/widgets.skyscanner.net\/widget-server\/js\/loader.js\" async><\/script><\/p>\n<p>&nbsp;<\/p>\n<p>\u00bfBuscas\u00a0<a href=\"https:\/\/www.vuelapar.es\/parking-oporto-aeropuerto\" target=\"_blank\" rel=\"noopener\" data-saferedirecturl=\"https:\/\/www.google.com\/url?q=https:\/\/www.vuelapar.es\/parking-oporto-aeropuerto&amp;source=gmail&amp;ust=1615290581984000&amp;usg=AFQjCNEdcLks5sWTXXvrpFguCK_8C5M6aw\">parking en el aeropuerto de Oporto<\/a>, Madrid o Barcelona, entre otros? Compara y reserva con Vuelapar.es[\/vc_wp_text][\/vc_tta_section][vc_tta_section i_icon_fontawesome=\u00bbfas fa-ship\u00bb add_icon=\u00bbtrue\u00bb title=\u00bbFERRYS\u00bb tab_id=\u00bb1613746010702-f59f128b-5389&#8243;][vc_wp_text]<iframe id=\"dealFinder\" style=\"z-index: 1;\" src=\"https:\/\/wiz.directferries.com\/partners\/deal_finder_iframe.aspx?&amp;vert=1&amp;stdc=F673S&amp;cult=es-ES&amp;btn=47a347&amp;btnh=168b16&amp;btnt=FFFFFF&amp;tclr=000001&amp;lclr=000001&amp;lbld=400&amp;pclr=64b6e6&amp;sclr=64b6e6&amp;targ=0\" height=\"1450\" frameborder=\"0\" marginwidth=\"0\" marginheight=\"0\" scrolling=\"yes\"><\/iframe>[\/vc_wp_text][\/vc_tta_section][vc_tta_section i_icon_fontawesome=\u00bbfas fa-shuttle-van\u00bb add_icon=\u00bbtrue\u00bb title=\u00bbTRASLADOS\u00bb tab_id=\u00bb1613746085868-d1fada3e-a7b3&#8243;][vc_wp_text] <a href=\"https:\/\/c147.travelpayouts.com\/click?shmarker=209978&amp;promo_id=4445&amp;source_type=banner&amp;type=click&amp;trs=147236\" target=\"_blank\" rel=\"noopener\"> <img loading=\"lazy\" decoding=\"async\" src=\"https:\/\/c147.travelpayouts.com\/content?promo_id=4445&amp;shmarker=209978&amp;type=init&amp;trs=147236\" alt=\"Banner 5\" width=\"300\" height=\"250\" \/> <\/a> [\/vc_wp_text][\/vc_tta_section][\/vc_tta_tabs][\/vc_column][vc_column width=\u00bb1\/3&#8243; css=\u00bb.vc_custom_1549134615288{padding-top: 0px !important;padding-bottom: 0px !important;}\u00bb][vc_wp_text]<\/p>\n<p style=\"text-align: center;\"><script async src=\"\/\/pagead2.googlesyndication.com\/pagead\/js\/adsbygoogle.js\"><\/script><br \/>\n<!-- Low Cost Web Text Links Automatic --><br \/>\n<ins class=\"adsbygoogle\" style=\"display: block;\" data-ad-client=\"ca-pub-7316325871451258\" data-ad-slot=\"8508153983\" data-ad-format=\"link\" data-full-width-responsive=\"true\"><\/ins><br \/>\n<script>\n(adsbygoogle = window.adsbygoogle || []).push({});\n<\/script><\/p>\n<p>[\/vc_wp_text][\/vc_column][\/vc_row][vc_row css=\u00bb.vc_custom_1549142120975{padding-top: 35px !important;}\u00bb][vc_column css=\u00bb.vc_custom_1549141208369{margin-top: 5px !important;margin-bottom: 5px !important;}\u00bb][vc_single_image image=\u00bb7412&#8243; img_size=\u00bb1175&#215;313&#8243; alignment=\u00bbcenter\u00bb css_animation=\u00bbnone\u00bb][\/vc_column][\/vc_row][vc_row css=\u00bb.vc_custom_1549116754257{margin-bottom: 10px !important;padding-top: 0px !important;padding-bottom: 40px !important;}\u00bb][vc_column width=\u00bb1\/3&#8243; css=\u00bb.vc_custom_1549141523255{margin-top: 30px !important;margin-bottom: 20px !important;}\u00bb]\r\n                    <div class=\"st-about-info thumb text-center\">\r\n                            <header class=\"thumb-header pull-top st-thumb-header\">\r\n                               <i class=\"fa  box-icon-md box-icon-top box-icon-center round st_1775904492 animate-icon-top-to-bottom   box-icon-to-black \"><\/i>\r\n                            <\/header>\r\n                            <div class=\"thumb-caption pull-top st-thumb-caption\">\r\n                                 <h4 class=\"thumb-title\">Mejor Precio garantizado<\/h4>\r\n                                <p class=\"thumb-desc\">Holidays-Low-Cost.com ofrece los mejores precios para vuelos, hoteles, alquiler de coches y paquetes de vacaciones - \u00a1garantizado!<\/p>\r\n                            <\/div>\r\n                    <\/div>\r\n                    [\/vc_column][vc_column width=\u00bb1\/3&#8243; css=\u00bb.vc_custom_1549141532006{margin-top: 30px !important;margin-bottom: 20px !important;}\u00bb]\r\n                    <div class=\"st-about-info thumb text-center\">\r\n                            <header class=\"thumb-header pull-top st-thumb-header\">\r\n                               <i class=\"fa  box-icon-md box-icon-top box-icon-center round st_1775904493 animate-icon-top-to-bottom   box-icon-to-black \"><\/i>\r\n                            <\/header>\r\n                            <div class=\"thumb-caption pull-top st-thumb-caption\">\r\n                                 <h4 class=\"thumb-title\">Confianza y Seguridad<\/h4>\r\n                                <p class=\"thumb-desc\">Vacaciones Low Cost les garantiza a sus clientes y socios una total seguridad y confianza respecto a t\u00e9rminos de tervicio y pago.<\/p>\r\n                            <\/div>\r\n                    <\/div>\r\n                    [\/vc_column][vc_column width=\u00bb1\/3&#8243; css=\u00bb.vc_custom_1549141541272{margin-top: 30px !important;margin-bottom: 20px !important;}\u00bb]\r\n                    <div class=\"st-about-info thumb text-center\">\r\n                            <header class=\"thumb-header pull-top st-thumb-header\">\r\n                               <i class=\"fa  box-icon-md box-icon-top box-icon-center round st_1775904494 animate-icon-top-to-bottom   box-icon-to-black \"><\/i>\r\n                            <\/header>\r\n                            <div class=\"thumb-caption pull-top st-thumb-caption\">\r\n                                 <h4 class=\"thumb-title\">Mejor Agencia de Viajes<\/h4>\r\n                                <p class=\"thumb-desc\">Tenemos m\u00e1s de 25 a\u00f1os de experiencia para brindar a cada cliente un servicio inigualable. \u00a1Nos vemos!<\/p>\r\n                            <\/div>\r\n                    <\/div>\r\n                    [\/vc_column][\/vc_row][vc_row full_width=\u00bbstretch_row_content\u00bb parallax_class=\u00bbyes\u00bb css=\u00bb.vc_custom_1549141277583{padding-top: 70px !important;padding-bottom: 50px !important;background-image: url(https:\/\/www.holidays-low-cost.com\/wp-content\/uploads\/2019\/02\/holidays-low-cost-asia.jpg?id=7419) !important;background-position: center !important;background-repeat: no-repeat !important;background-size: cover !important;}\u00bb][vc_column][vc_column_text css=\u00bb.vc_custom_1549135839242{margin-bottom: 30px !important;}\u00bb]<\/p>\n<h2 class=\"text-center\" style=\"text-align: center;\"><span style=\"color: #ffffff;\">Haz tu reserva en l\u00ednea y recibe una confirmaci\u00f3n instant\u00e1nea<\/span><\/h2>\n<p>[\/vc_column_text][vc_wp_text]<\/p>\n<p style=\"text-align: center;\"><script async src=\"\/\/pagead2.googlesyndication.com\/pagead\/js\/adsbygoogle.js\"><\/script><br \/>\n<!-- Low Cost Web Text Links Automatic --><br \/>\n<ins class=\"adsbygoogle\" style=\"display: block;\" data-ad-client=\"ca-pub-7316325871451258\" data-ad-slot=\"8508153983\" data-ad-format=\"link\" data-full-width-responsive=\"true\"><\/ins><br \/>\n<script>\n(adsbygoogle = window.adsbygoogle || []).push({});\n<\/script><\/p>\n<p>[\/vc_wp_text][\/vc_column][\/vc_row][vc_row css=\u00bb.vc_custom_1417164324449{padding-top: 60px !important;}\u00bb][vc_column][vc_column_text css=\u00bb.vc_custom_1613766095932{margin-bottom: 30px !important;}\u00bb]<\/p>\n<h2 class=\"text-center\" style=\"text-align: center;\">Seguros de Viaje<\/h2>\n<p>[\/vc_column_text][\/vc_column][\/vc_row][vc_row css=\u00bb.vc_custom_1613766105334{margin-bottom: 0px !important;}\u00bb][vc_column][vc_wp_text]<!-- START ADVERTISER: Allianz Assistance ES from awin.com --><\/p>\n<p><center><a href=\"https:\/\/www.awin1.com\/cread.php?s=2773607&amp;v=15115&amp;q=341861&amp;r=567845\"><br \/>\n<img decoding=\"async\" src=\"https:\/\/www.awin1.com\/cshow.php?s=2773607&amp;v=15115&amp;q=341861&amp;r=567845\" border=\"0\" \/><br \/>\n<\/a><\/center><!-- END ADVERTISER: Allianz Assistance ES from awin.com -->[\/vc_wp_text][\/vc_column][\/vc_row]<\/p>\n<\/div>","protected":false},"excerpt":{"rendered":"<p>[vc_row full_width=\u00bbstretch_row_content\u00bb parallax_class=\u00bbyes\u00bb css=\u00bb.vc_custom_1613762503236{padding-top: 75px !important;padding-bottom: 55px !important;background-image: url(https:\/\/www.holidays-low-cost.com\/wp-content\/uploads\/2019\/02\/holidays-low-cost-background.jpg?id=7322) !important;}\u00bb][vc_column width=\u00bb2\/3&#8243; css=\u00bb.vc_custom_1549134631120{padding-top: 0px !important;padding-bottom: 0px !important;}\u00bb][vc_tta_tabs active_section=\u00bb1&#8243;][vc_tta_section i_icon_fontawesome=\u00bbfas fa-bed\u00bb add_icon=\u00bbtrue\u00bb title=\u00bbALOJAMIENTOS\u00bb tab_id=\u00bb1613736531178-d2cc69a8-42d1&#8243;][vc_wp_text] [\/vc_wp_text][\/vc_tta_section][vc_tta_section i_icon_fontawesome=\u00bbfas fa-car-side\u00bb add_icon=\u00bbtrue\u00bb title=\u00bbRENT A CAR\u00bb tab_id=\u00bb1613736531207-a86dd28d-8033&#8243;][vc_wp_text]\ufeff\ufeff\ufeff[\/vc_wp_text][\/vc_tta_section][vc_tta_section i_icon_fontawesome=\u00bbfas fa-plane\u00bb add_icon=\u00bbtrue\u00bb title=\u00bbVUELOS\u00bb tab_id=\u00bb1613745963719-48cc7eb1-4e8d\u00bb][vc_wp_text] &nbsp; \u00bfBuscas\u00a0parking en el aeropuerto de Oporto, Madrid o Barcelona, entre otros? Compara y reserva con Vuelapar.es[\/vc_wp_text][\/vc_tta_section][vc_tta_section i_icon_fontawesome=\u00bbfas fa-ship\u00bb add_icon=\u00bbtrue\u00bb [&hellip;]<\/p>\n","protected":false},"author":1,"featured_media":0,"parent":0,"menu_order":0,"comment_status":"closed","ping_status":"closed","template":"template-home-modern.php","meta":{"footnotes":""},"class_list":["post-7996","page","type-page","status-publish","has-post-thumbnail","hentry"],"yoast_head":"<!-- This site is optimized with the Yoast SEO plugin v27.2 - https:\/\/yoast.com\/product\/yoast-seo-wordpress\/ -->\n<title>Vacaciones Low Cost | Vacaciones de Bajo Coste | Viajes Low Cost<\/title>\n<meta name=\"description\" content=\"Vacaciones Low Cost: Viajes Low Cost y Vacaciones de bajo Coste: Hoteles baratos, Vuelos econ\u00f3micos, Coches baratos y m\u00e1s.\" \/>\n<meta name=\"robots\" content=\"index, follow, max-snippet:-1, max-image-preview:large, max-video-preview:-1\" \/>\n<link rel=\"canonical\" href=\"https:\/\/www.holidays-low-cost.com\/es\/\" \/>\n<meta property=\"og:locale\" content=\"es_ES\" \/>\n<meta property=\"og:type\" content=\"article\" \/>\n<meta property=\"og:title\" content=\"Vacaciones Low Cost | Vacaciones de Bajo Coste | Viajes Low Cost\" \/>\n<meta property=\"og:description\" content=\"Vacaciones Low Cost: Viajes Low Cost y Vacaciones de bajo Coste: Hoteles baratos, Vuelos econ\u00f3micos, Coches baratos y m\u00e1s.\" \/>\n<meta property=\"og:url\" content=\"https:\/\/www.holidays-low-cost.com\/es\/\" \/>\n<meta property=\"og:site_name\" content=\"Holidays Low Cost\" \/>\n<meta property=\"article:publisher\" content=\"https:\/\/www.facebook.com\/holidayslowcost\" \/>\n<meta property=\"og:image\" content=\"https:\/\/c121.travelpayouts.com\/content?promo_id=5044&amp;shmarker=209978&amp;type=init&amp;trs=147238\" \/>\n<meta name=\"twitter:card\" content=\"summary_large_image\" \/>\n<meta name=\"twitter:label1\" content=\"Tiempo de lectura\" \/>\n\t<meta name=\"twitter:data1\" content=\"2 minutos\" \/>\n<script type=\"application\/ld+json\" class=\"yoast-schema-graph\">{\"@context\":\"https:\/\/schema.org\",\"@graph\":[{\"@type\":\"WebPage\",\"@id\":\"https:\/\/www.holidays-low-cost.com\/es\/\",\"url\":\"https:\/\/www.holidays-low-cost.com\/es\/\",\"name\":\"Vacaciones Low Cost | Vacaciones de Bajo Coste | Viajes Low Cost\",\"isPartOf\":{\"@id\":\"https:\/\/www.holidays-low-cost.com\/es\/#website\"},\"primaryImageOfPage\":{\"@id\":\"https:\/\/www.holidays-low-cost.com\/es\/#primaryimage\"},\"image\":{\"@id\":\"https:\/\/www.holidays-low-cost.com\/es\/#primaryimage\"},\"thumbnailUrl\":\"https:\/\/c121.travelpayouts.com\/content?promo_id=5044&amp;shmarker=209978&amp;type=init&amp;trs=147238\",\"datePublished\":\"2026-01-27T07:26:02+00:00\",\"description\":\"Vacaciones Low Cost: Viajes Low Cost y Vacaciones de bajo Coste: Hoteles baratos, Vuelos econ\u00f3micos, Coches baratos y m\u00e1s.\",\"breadcrumb\":{\"@id\":\"https:\/\/www.holidays-low-cost.com\/es\/#breadcrumb\"},\"inLanguage\":\"es\",\"potentialAction\":[{\"@type\":\"ReadAction\",\"target\":[\"https:\/\/www.holidays-low-cost.com\/es\/\"]}]},{\"@type\":\"ImageObject\",\"inLanguage\":\"es\",\"@id\":\"https:\/\/www.holidays-low-cost.com\/es\/#primaryimage\",\"url\":\"https:\/\/c121.travelpayouts.com\/content?promo_id=5044&amp;shmarker=209978&amp;type=init&amp;trs=147238\",\"contentUrl\":\"https:\/\/c121.travelpayouts.com\/content?promo_id=5044&amp;shmarker=209978&amp;type=init&amp;trs=147238\"},{\"@type\":\"BreadcrumbList\",\"@id\":\"https:\/\/www.holidays-low-cost.com\/es\/#breadcrumb\",\"itemListElement\":[{\"@type\":\"ListItem\",\"position\":1,\"name\":\"Home\",\"item\":\"https:\/\/www.holidays-low-cost.com\/es\/\"},{\"@type\":\"ListItem\",\"position\":2,\"name\":\"Vacaciones Low Cost | Vacaciones de Bajo Coste | Viajes Low Cost\"}]},{\"@type\":\"WebSite\",\"@id\":\"https:\/\/www.holidays-low-cost.com\/es\/#website\",\"url\":\"https:\/\/www.holidays-low-cost.com\/es\/\",\"name\":\"Holidays Low Cost\",\"description\":\"Cheap Holiday Deals | Travel Discounts | Accommodation Offers\",\"publisher\":{\"@id\":\"https:\/\/www.holidays-low-cost.com\/es\/#organization\"},\"potentialAction\":[{\"@type\":\"SearchAction\",\"target\":{\"@type\":\"EntryPoint\",\"urlTemplate\":\"https:\/\/www.holidays-low-cost.com\/es\/?s={search_term_string}\"},\"query-input\":{\"@type\":\"PropertyValueSpecification\",\"valueRequired\":true,\"valueName\":\"search_term_string\"}}],\"inLanguage\":\"es\"},{\"@type\":\"Organization\",\"@id\":\"https:\/\/www.holidays-low-cost.com\/es\/#organization\",\"name\":\"Holidays Low Cost\",\"url\":\"https:\/\/www.holidays-low-cost.com\/es\/\",\"logo\":{\"@type\":\"ImageObject\",\"inLanguage\":\"es\",\"@id\":\"https:\/\/www.holidays-low-cost.com\/es\/#\/schema\/logo\/image\/\",\"url\":\"https:\/\/www.holidays-low-cost.com\/wp-content\/uploads\/2019\/02\/logo-low-cost-holidays-1-2.png\",\"contentUrl\":\"https:\/\/www.holidays-low-cost.com\/wp-content\/uploads\/2019\/02\/logo-low-cost-holidays-1-2.png\",\"width\":534,\"height\":464,\"caption\":\"Holidays Low Cost\"},\"image\":{\"@id\":\"https:\/\/www.holidays-low-cost.com\/es\/#\/schema\/logo\/image\/\"},\"sameAs\":[\"https:\/\/www.facebook.com\/holidayslowcost\"]}]}<\/script>\n<!-- \/ Yoast SEO plugin. -->","yoast_head_json":{"title":"Vacaciones Low Cost | Vacaciones de Bajo Coste | Viajes Low Cost","description":"Vacaciones Low Cost: Viajes Low Cost y Vacaciones de bajo Coste: Hoteles baratos, Vuelos econ\u00f3micos, Coches baratos y m\u00e1s.","robots":{"index":"index","follow":"follow","max-snippet":"max-snippet:-1","max-image-preview":"max-image-preview:large","max-video-preview":"max-video-preview:-1"},"canonical":"https:\/\/www.holidays-low-cost.com\/es\/","og_locale":"es_ES","og_type":"article","og_title":"Vacaciones Low Cost | Vacaciones de Bajo Coste | Viajes Low Cost","og_description":"Vacaciones Low Cost: Viajes Low Cost y Vacaciones de bajo Coste: Hoteles baratos, Vuelos econ\u00f3micos, Coches baratos y m\u00e1s.","og_url":"https:\/\/www.holidays-low-cost.com\/es\/","og_site_name":"Holidays Low Cost","article_publisher":"https:\/\/www.facebook.com\/holidayslowcost","og_image":[{"url":"https:\/\/c121.travelpayouts.com\/content?promo_id=5044&amp;shmarker=209978&amp;type=init&amp;trs=147238","type":"","width":"","height":""}],"twitter_card":"summary_large_image","twitter_misc":{"Tiempo de lectura":"2 minutos"},"schema":{"@context":"https:\/\/schema.org","@graph":[{"@type":"WebPage","@id":"https:\/\/www.holidays-low-cost.com\/es\/","url":"https:\/\/www.holidays-low-cost.com\/es\/","name":"Vacaciones Low Cost | Vacaciones de Bajo Coste | Viajes Low Cost","isPartOf":{"@id":"https:\/\/www.holidays-low-cost.com\/es\/#website"},"primaryImageOfPage":{"@id":"https:\/\/www.holidays-low-cost.com\/es\/#primaryimage"},"image":{"@id":"https:\/\/www.holidays-low-cost.com\/es\/#primaryimage"},"thumbnailUrl":"https:\/\/c121.travelpayouts.com\/content?promo_id=5044&amp;shmarker=209978&amp;type=init&amp;trs=147238","datePublished":"2026-01-27T07:26:02+00:00","description":"Vacaciones Low Cost: Viajes Low Cost y Vacaciones de bajo Coste: Hoteles baratos, Vuelos econ\u00f3micos, Coches baratos y m\u00e1s.","breadcrumb":{"@id":"https:\/\/www.holidays-low-cost.com\/es\/#breadcrumb"},"inLanguage":"es","potentialAction":[{"@type":"ReadAction","target":["https:\/\/www.holidays-low-cost.com\/es\/"]}]},{"@type":"ImageObject","inLanguage":"es","@id":"https:\/\/www.holidays-low-cost.com\/es\/#primaryimage","url":"https:\/\/c121.travelpayouts.com\/content?promo_id=5044&amp;shmarker=209978&amp;type=init&amp;trs=147238","contentUrl":"https:\/\/c121.travelpayouts.com\/content?promo_id=5044&amp;shmarker=209978&amp;type=init&amp;trs=147238"},{"@type":"BreadcrumbList","@id":"https:\/\/www.holidays-low-cost.com\/es\/#breadcrumb","itemListElement":[{"@type":"ListItem","position":1,"name":"Home","item":"https:\/\/www.holidays-low-cost.com\/es\/"},{"@type":"ListItem","position":2,"name":"Vacaciones Low Cost | Vacaciones de Bajo Coste | Viajes Low Cost"}]},{"@type":"WebSite","@id":"https:\/\/www.holidays-low-cost.com\/es\/#website","url":"https:\/\/www.holidays-low-cost.com\/es\/","name":"Holidays Low Cost","description":"Cheap Holiday Deals | Travel Discounts | Accommodation Offers","publisher":{"@id":"https:\/\/www.holidays-low-cost.com\/es\/#organization"},"potentialAction":[{"@type":"SearchAction","target":{"@type":"EntryPoint","urlTemplate":"https:\/\/www.holidays-low-cost.com\/es\/?s={search_term_string}"},"query-input":{"@type":"PropertyValueSpecification","valueRequired":true,"valueName":"search_term_string"}}],"inLanguage":"es"},{"@type":"Organization","@id":"https:\/\/www.holidays-low-cost.com\/es\/#organization","name":"Holidays Low Cost","url":"https:\/\/www.holidays-low-cost.com\/es\/","logo":{"@type":"ImageObject","inLanguage":"es","@id":"https:\/\/www.holidays-low-cost.com\/es\/#\/schema\/logo\/image\/","url":"https:\/\/www.holidays-low-cost.com\/wp-content\/uploads\/2019\/02\/logo-low-cost-holidays-1-2.png","contentUrl":"https:\/\/www.holidays-low-cost.com\/wp-content\/uploads\/2019\/02\/logo-low-cost-holidays-1-2.png","width":534,"height":464,"caption":"Holidays Low Cost"},"image":{"@id":"https:\/\/www.holidays-low-cost.com\/es\/#\/schema\/logo\/image\/"},"sameAs":["https:\/\/www.facebook.com\/holidayslowcost"]}]}},"_links":{"self":[{"href":"https:\/\/www.holidays-low-cost.com\/es\/wp-json\/wp\/v2\/pages\/7996","targetHints":{"allow":["GET"]}}],"collection":[{"href":"https:\/\/www.holidays-low-cost.com\/es\/wp-json\/wp\/v2\/pages"}],"about":[{"href":"https:\/\/www.holidays-low-cost.com\/es\/wp-json\/wp\/v2\/types\/page"}],"author":[{"embeddable":true,"href":"https:\/\/www.holidays-low-cost.com\/es\/wp-json\/wp\/v2\/users\/1"}],"replies":[{"embeddable":true,"href":"https:\/\/www.holidays-low-cost.com\/es\/wp-json\/wp\/v2\/comments?post=7996"}],"version-history":[{"count":15,"href":"https:\/\/www.holidays-low-cost.com\/es\/wp-json\/wp\/v2\/pages\/7996\/revisions"}],"predecessor-version":[{"id":8424,"href":"https:\/\/www.holidays-low-cost.com\/es\/wp-json\/wp\/v2\/pages\/7996\/revisions\/8424"}],"wp:attachment":[{"href":"https:\/\/www.holidays-low-cost.com\/es\/wp-json\/wp\/v2\/media?parent=7996"}],"curies":[{"name":"wp","href":"https:\/\/api.w.org\/{rel}","templated":true}]}}