{"id":8002,"date":"2022-01-02T10:00:07","date_gmt":"2022-01-02T10:00:07","guid":{"rendered":"https:\/\/www.holidays-low-cost.com\/low-cost-holidays-worldwide\/"},"modified":"2021-02-19T11:49:06","modified_gmt":"2021-02-19T11:49:06","slug":"vacaciones-de-bajo-coste-en-todo-el-mundo","status":"publish","type":"page","link":"https:\/\/www.holidays-low-cost.com\/es\/vacaciones-de-bajo-coste-en-todo-el-mundo\/","title":{"rendered":"Vacaciones de Bajo Coste en todo el Mundo"},"content":{"rendered":"<div class=\"wpb-content-wrapper\"><p>[vc_row css=\u00bb.vc_custom_1613731857259{padding-top: 15px !important;background-color: #000000 !important;}\u00bb][vc_column width=\u00bb1\/4&#8243; css=\u00bb.vc_custom_1422334137119{padding-top: 20px !important;}\u00bb][vc_empty_space height=\u00bb13px\u00bb][vc_single_image image=\u00bb7457&#8243; img_size=\u00bb180&#215;153&#8243; alignment=\u00bbcenter\u00bb][\/vc_column][vc_column width=\u00bb1\/4&#8243; css=\u00bb.vc_custom_1422334176021{padding-top: 20px !important;}\u00bb][vc_wp_text]<\/p>\n<p style=\"text-align: center;\"><span style=\"color: #ffffff;\">En holidays-low-cost.com encontrar\u00e1s todas las Ofertas de Viaje al Precio m\u00e1s bajo del Mercado: Hoteles y Hostales econ\u00f3micos, Habitaciones, Vuelos baratos, Alquiler de Coches y Motos, Traslados, Billetes para Barcos, Entradas para Discotecas, Casas y Apartamentos en Alquiler, Restaurantes, Excursiones, Viajes, Servicios de Internet y mucho m\u00e1s.<\/span><\/p>\n<p>[\/vc_wp_text][\/vc_column][vc_column width=\u00bb1\/4&#8243; css=\u00bb.vc_custom_1422334188578{padding-top: 20px !important;}\u00bb][vc_wp_text]<\/p>\n<p style=\"text-align: center;\"><a href=\"http:\/\/www.holidays-low-cost.com\/es\/\">Vacaciones Low Cost<\/a><\/p>\n<p style=\"text-align: center;\"><a href=\"http:\/\/www.holidays-low-cost.com\/it\/\">Viaggi Vacanze Low Cost<\/a><\/p>\n<p style=\"text-align: center;\"><a href=\"http:\/\/www.holidays-low-cost.com\/de\/\">Urlaub Low Cost<\/a><\/p>\n<p style=\"text-align: center;\"><a href=\"https:\/\/www.holidays-low-cost.com\">Holidays Low Cost<\/a><\/p>\n<p style=\"text-align: center;\"><a href=\"https:\/\/www.h1performance.com\/terms-service\/\" rel=\"noindex\">Terms of Service<\/a><\/p>\n<p style=\"text-align: center;\"><a href=\"https:\/\/www.h1performance.com\/privacy-policy\" rel=\"noindex\">Data Privacy<\/a><\/p>\n<p>[\/vc_wp_text][\/vc_column][vc_column width=\u00bb1\/4&#8243;][vc_wp_text]<\/p>\n<div style=\"text-align: center;\"><script async src=\"\/\/pagead2.googlesyndication.com\/pagead\/js\/adsbygoogle.js\"><\/script><br \/>\n<!-- Low Cost Web Text Links 180x90 --><br \/>\n<ins class=\"adsbygoogle\" style=\"display: inline-block; width: 180px; height: 90px;\" data-ad-client=\"ca-pub-7316325871451258\" data-ad-slot=\"8117148030\"><\/ins><br \/>\n<script>\n(adsbygoogle = window.adsbygoogle || []).push({});\n<\/script><\/div>\n<p style=\"text-align: center;\"><span style=\"color: #ffffff;\"><strong>\u00bfPublicidad? <\/strong><\/span><\/p>\n<p style=\"text-align: center;\"><em><a href=\"mailto:ads@holidays-low-cost.com\">ads@holidays-low-cost.com<\/a><\/em><\/p>\n<p>[\/vc_wp_text][\/vc_column][\/vc_row][vc_row css=\u00bb.vc_custom_1549121471366{background-color: #000000 !important;}\u00bb][vc_column css=\u00bb.vc_custom_1613732323406{margin-bottom: 15px !important;}\u00bb][vc_separator color=\u00bbwhite\u00bb css=\u00bb.vc_custom_1613733163886{margin-top: 20px !important;margin-bottom: 26px !important;}\u00bb][\/vc_column][\/vc_row][vc_row css=\u00bb.vc_custom_1549121484154{background-color: #000000 !important;}\u00bb][vc_column][vc_wp_text]<\/p>\n<p style=\"text-align: center;\"><span style=\"color: #808080;\"><em>Copyright 1996-2024 <a style=\"color: #808080;\" href=\"https:\/\/www.holidays-low-cost.com\">Holidays-Low-Cost.com<\/a> by <a style=\"color: #808080;\" href=\"https:\/\/www.h1performance.com\" rel=\"noindex\">H1 Performance LLC<\/a> \u00b7 All rights reserved<\/em><\/span><\/p>\n<p>[\/vc_wp_text][vc_empty_space height=\u00bb18px\u00bb][\/vc_column][\/vc_row]<\/p>\n<\/div>","protected":false},"excerpt":{"rendered":"<p>[vc_row css=\u00bb.vc_custom_1613731857259{padding-top: 15px !important;background-color: #000000 !important;}\u00bb][vc_column width=\u00bb1\/4&#8243; css=\u00bb.vc_custom_1422334137119{padding-top: 20px !important;}\u00bb][vc_empty_space height=\u00bb13px\u00bb][vc_single_image image=\u00bb7457&#8243; img_size=\u00bb180&#215;153&#8243; alignment=\u00bbcenter\u00bb][\/vc_column][vc_column width=\u00bb1\/4&#8243; css=\u00bb.vc_custom_1422334176021{padding-top: 20px !important;}\u00bb][vc_wp_text] En holidays-low-cost.com encontrar\u00e1s todas las Ofertas de Viaje al Precio m\u00e1s bajo del Mercado: Hoteles y Hostales econ\u00f3micos, Habitaciones, Vuelos baratos, Alquiler de Coches y Motos, Traslados, Billetes para Barcos, Entradas para Discotecas, Casas y Apartamentos en [&hellip;]<\/p>\n","protected":false},"author":1,"featured_media":0,"parent":0,"menu_order":0,"comment_status":"open","ping_status":"closed","template":"","meta":{"footnotes":""},"class_list":["post-8002","page","type-page","status-publish","has-post-thumbnail","hentry"],"yoast_head":"<!-- This site is optimized with the Yoast SEO plugin v27.2 - https:\/\/yoast.com\/product\/yoast-seo-wordpress\/ -->\n<title>Vacaciones de Bajo Coste en todo el Mundo - Holidays Low Cost<\/title>\n<meta name=\"description\" content=\"Vacaciones de Bajo Coste en todo el Mundo - www.holidays-low-cost.com\" \/>\n<meta name=\"robots\" content=\"index, follow, max-snippet:-1, max-image-preview:large, max-video-preview:-1\" \/>\n<link rel=\"canonical\" href=\"https:\/\/www.holidays-low-cost.com\/es\/vacaciones-de-bajo-coste-en-todo-el-mundo\/\" \/>\n<meta property=\"og:locale\" content=\"es_ES\" \/>\n<meta property=\"og:type\" content=\"article\" \/>\n<meta property=\"og:title\" content=\"Vacaciones de Bajo Coste en todo el Mundo - Holidays Low Cost\" \/>\n<meta property=\"og:description\" content=\"Vacaciones de Bajo Coste en todo el Mundo - www.holidays-low-cost.com\" \/>\n<meta property=\"og:url\" content=\"https:\/\/www.holidays-low-cost.com\/es\/vacaciones-de-bajo-coste-en-todo-el-mundo\/\" \/>\n<meta property=\"og:site_name\" content=\"Holidays Low Cost\" \/>\n<meta property=\"article:publisher\" content=\"https:\/\/www.facebook.com\/holidayslowcost\" \/>\n<meta name=\"twitter:card\" content=\"summary_large_image\" \/>\n<meta name=\"twitter:label1\" content=\"Tiempo de lectura\" \/>\n\t<meta name=\"twitter:data1\" content=\"1 minuto\" \/>\n<script type=\"application\/ld+json\" class=\"yoast-schema-graph\">{\"@context\":\"https:\/\/schema.org\",\"@graph\":[{\"@type\":\"WebPage\",\"@id\":\"https:\/\/www.holidays-low-cost.com\/es\/vacaciones-de-bajo-coste-en-todo-el-mundo\/\",\"url\":\"https:\/\/www.holidays-low-cost.com\/es\/vacaciones-de-bajo-coste-en-todo-el-mundo\/\",\"name\":\"Vacaciones de Bajo Coste en todo el Mundo - Holidays Low Cost\",\"isPartOf\":{\"@id\":\"https:\/\/www.holidays-low-cost.com\/es\/#website\"},\"datePublished\":\"2022-01-02T10:00:07+00:00\",\"description\":\"Vacaciones de Bajo Coste en todo el Mundo - www.holidays-low-cost.com\",\"breadcrumb\":{\"@id\":\"https:\/\/www.holidays-low-cost.com\/es\/vacaciones-de-bajo-coste-en-todo-el-mundo\/#breadcrumb\"},\"inLanguage\":\"es\",\"potentialAction\":[{\"@type\":\"ReadAction\",\"target\":[\"https:\/\/www.holidays-low-cost.com\/es\/vacaciones-de-bajo-coste-en-todo-el-mundo\/\"]}]},{\"@type\":\"BreadcrumbList\",\"@id\":\"https:\/\/www.holidays-low-cost.com\/es\/vacaciones-de-bajo-coste-en-todo-el-mundo\/#breadcrumb\",\"itemListElement\":[{\"@type\":\"ListItem\",\"position\":1,\"name\":\"Home\",\"item\":\"https:\/\/www.holidays-low-cost.com\/es\/\"},{\"@type\":\"ListItem\",\"position\":2,\"name\":\"Vacaciones de Bajo Coste en todo el Mundo\"}]},{\"@type\":\"WebSite\",\"@id\":\"https:\/\/www.holidays-low-cost.com\/es\/#website\",\"url\":\"https:\/\/www.holidays-low-cost.com\/es\/\",\"name\":\"Holidays Low Cost\",\"description\":\"Cheap Holiday Deals | Travel Discounts | Accommodation Offers\",\"publisher\":{\"@id\":\"https:\/\/www.holidays-low-cost.com\/es\/#organization\"},\"potentialAction\":[{\"@type\":\"SearchAction\",\"target\":{\"@type\":\"EntryPoint\",\"urlTemplate\":\"https:\/\/www.holidays-low-cost.com\/es\/?s={search_term_string}\"},\"query-input\":{\"@type\":\"PropertyValueSpecification\",\"valueRequired\":true,\"valueName\":\"search_term_string\"}}],\"inLanguage\":\"es\"},{\"@type\":\"Organization\",\"@id\":\"https:\/\/www.holidays-low-cost.com\/es\/#organization\",\"name\":\"Holidays Low Cost\",\"url\":\"https:\/\/www.holidays-low-cost.com\/es\/\",\"logo\":{\"@type\":\"ImageObject\",\"inLanguage\":\"es\",\"@id\":\"https:\/\/www.holidays-low-cost.com\/es\/#\/schema\/logo\/image\/\",\"url\":\"https:\/\/www.holidays-low-cost.com\/wp-content\/uploads\/2019\/02\/logo-low-cost-holidays-1-2.png\",\"contentUrl\":\"https:\/\/www.holidays-low-cost.com\/wp-content\/uploads\/2019\/02\/logo-low-cost-holidays-1-2.png\",\"width\":534,\"height\":464,\"caption\":\"Holidays Low Cost\"},\"image\":{\"@id\":\"https:\/\/www.holidays-low-cost.com\/es\/#\/schema\/logo\/image\/\"},\"sameAs\":[\"https:\/\/www.facebook.com\/holidayslowcost\"]}]}<\/script>\n<!-- \/ Yoast SEO plugin. -->","yoast_head_json":{"title":"Vacaciones de Bajo Coste en todo el Mundo - Holidays Low Cost","description":"Vacaciones de Bajo Coste en todo el Mundo - www.holidays-low-cost.com","robots":{"index":"index","follow":"follow","max-snippet":"max-snippet:-1","max-image-preview":"max-image-preview:large","max-video-preview":"max-video-preview:-1"},"canonical":"https:\/\/www.holidays-low-cost.com\/es\/vacaciones-de-bajo-coste-en-todo-el-mundo\/","og_locale":"es_ES","og_type":"article","og_title":"Vacaciones de Bajo Coste en todo el Mundo - Holidays Low Cost","og_description":"Vacaciones de Bajo Coste en todo el Mundo - www.holidays-low-cost.com","og_url":"https:\/\/www.holidays-low-cost.com\/es\/vacaciones-de-bajo-coste-en-todo-el-mundo\/","og_site_name":"Holidays Low Cost","article_publisher":"https:\/\/www.facebook.com\/holidayslowcost","twitter_card":"summary_large_image","twitter_misc":{"Tiempo de lectura":"1 minuto"},"schema":{"@context":"https:\/\/schema.org","@graph":[{"@type":"WebPage","@id":"https:\/\/www.holidays-low-cost.com\/es\/vacaciones-de-bajo-coste-en-todo-el-mundo\/","url":"https:\/\/www.holidays-low-cost.com\/es\/vacaciones-de-bajo-coste-en-todo-el-mundo\/","name":"Vacaciones de Bajo Coste en todo el Mundo - Holidays Low Cost","isPartOf":{"@id":"https:\/\/www.holidays-low-cost.com\/es\/#website"},"datePublished":"2022-01-02T10:00:07+00:00","description":"Vacaciones de Bajo Coste en todo el Mundo - www.holidays-low-cost.com","breadcrumb":{"@id":"https:\/\/www.holidays-low-cost.com\/es\/vacaciones-de-bajo-coste-en-todo-el-mundo\/#breadcrumb"},"inLanguage":"es","potentialAction":[{"@type":"ReadAction","target":["https:\/\/www.holidays-low-cost.com\/es\/vacaciones-de-bajo-coste-en-todo-el-mundo\/"]}]},{"@type":"BreadcrumbList","@id":"https:\/\/www.holidays-low-cost.com\/es\/vacaciones-de-bajo-coste-en-todo-el-mundo\/#breadcrumb","itemListElement":[{"@type":"ListItem","position":1,"name":"Home","item":"https:\/\/www.holidays-low-cost.com\/es\/"},{"@type":"ListItem","position":2,"name":"Vacaciones de Bajo Coste en todo el Mundo"}]},{"@type":"WebSite","@id":"https:\/\/www.holidays-low-cost.com\/es\/#website","url":"https:\/\/www.holidays-low-cost.com\/es\/","name":"Holidays Low Cost","description":"Cheap Holiday Deals | Travel Discounts | Accommodation Offers","publisher":{"@id":"https:\/\/www.holidays-low-cost.com\/es\/#organization"},"potentialAction":[{"@type":"SearchAction","target":{"@type":"EntryPoint","urlTemplate":"https:\/\/www.holidays-low-cost.com\/es\/?s={search_term_string}"},"query-input":{"@type":"PropertyValueSpecification","valueRequired":true,"valueName":"search_term_string"}}],"inLanguage":"es"},{"@type":"Organization","@id":"https:\/\/www.holidays-low-cost.com\/es\/#organization","name":"Holidays Low Cost","url":"https:\/\/www.holidays-low-cost.com\/es\/","logo":{"@type":"ImageObject","inLanguage":"es","@id":"https:\/\/www.holidays-low-cost.com\/es\/#\/schema\/logo\/image\/","url":"https:\/\/www.holidays-low-cost.com\/wp-content\/uploads\/2019\/02\/logo-low-cost-holidays-1-2.png","contentUrl":"https:\/\/www.holidays-low-cost.com\/wp-content\/uploads\/2019\/02\/logo-low-cost-holidays-1-2.png","width":534,"height":464,"caption":"Holidays Low Cost"},"image":{"@id":"https:\/\/www.holidays-low-cost.com\/es\/#\/schema\/logo\/image\/"},"sameAs":["https:\/\/www.facebook.com\/holidayslowcost"]}]}},"_links":{"self":[{"href":"https:\/\/www.holidays-low-cost.com\/es\/wp-json\/wp\/v2\/pages\/8002","targetHints":{"allow":["GET"]}}],"collection":[{"href":"https:\/\/www.holidays-low-cost.com\/es\/wp-json\/wp\/v2\/pages"}],"about":[{"href":"https:\/\/www.holidays-low-cost.com\/es\/wp-json\/wp\/v2\/types\/page"}],"author":[{"embeddable":true,"href":"https:\/\/www.holidays-low-cost.com\/es\/wp-json\/wp\/v2\/users\/1"}],"replies":[{"embeddable":true,"href":"https:\/\/www.holidays-low-cost.com\/es\/wp-json\/wp\/v2\/comments?post=8002"}],"version-history":[{"count":10,"href":"https:\/\/www.holidays-low-cost.com\/es\/wp-json\/wp\/v2\/pages\/8002\/revisions"}],"predecessor-version":[{"id":8155,"href":"https:\/\/www.holidays-low-cost.com\/es\/wp-json\/wp\/v2\/pages\/8002\/revisions\/8155"}],"wp:attachment":[{"href":"https:\/\/www.holidays-low-cost.com\/es\/wp-json\/wp\/v2\/media?parent=8002"}],"curies":[{"name":"wp","href":"https:\/\/api.w.org\/{rel}","templated":true}]}}